{"id":2458,"date":"2014-08-25T10:37:30","date_gmt":"2014-08-25T15:37:30","guid":{"rendered":"https:\/\/tremblantnautique.com\/accueil\/"},"modified":"2026-03-20T07:58:22","modified_gmt":"2026-03-20T12:58:22","slug":"accueil","status":"publish","type":"page","link":"https:\/\/tremblantnautique.com\/en\/","title":{"rendered":"Home"},"content":{"rendered":"<div class=\"row \">\n<div class=\"span7 \"><p><a href=\"https:\/\/tremblantnautique.com\/wp-content\/uploads\/2026\/03\/summer2026-scaled.jpg\"><img loading=\"lazy\" decoding=\"async\" class=\"alignnone size-full wp-image-2513\" src=\"https:\/\/tremblantnautique.com\/wp-content\/uploads\/2026\/03\/summer2026-scaled.jpg\" alt=\"\" width=\"2560\" height=\"1440\" srcset=\"https:\/\/tremblantnautique.com\/wp-content\/uploads\/2026\/03\/summer2026-scaled.jpg 2560w, https:\/\/tremblantnautique.com\/wp-content\/uploads\/2026\/03\/summer2026-300x169.jpg 300w, https:\/\/tremblantnautique.com\/wp-content\/uploads\/2026\/03\/summer2026-1024x576.jpg 1024w, https:\/\/tremblantnautique.com\/wp-content\/uploads\/2026\/03\/summer2026-768x432.jpg 768w, https:\/\/tremblantnautique.com\/wp-content\/uploads\/2026\/03\/summer2026-1536x864.jpg 1536w, https:\/\/tremblantnautique.com\/wp-content\/uploads\/2026\/03\/summer2026-2048x1152.jpg 2048w\" sizes=\"auto, (max-width: 2560px) 100vw, 2560px\" \/><\/a><\/p><\/div>\n<div class=\"span5 \"><a href=\"https:\/\/tremblantnautique.com\/wp-content\/uploads\/2024\/12\/montage-hiver-2024.jpg\"><img loading=\"lazy\" decoding=\"async\" class=\"alignnone size-full wp-image-2325\" src=\"https:\/\/tremblantnautique.com\/wp-content\/uploads\/2024\/12\/montage-hiver-2024.jpg\" alt=\"\" width=\"2560\" height=\"2048\" \/><\/a><br \/><\/div>\n<\/div><!-- .row (end) -->\n<div class=\"row \">\n<div class=\"span12 \"><p><a href=\"https:\/\/tremblantnautique.com\/wp-content\/uploads\/2026\/03\/opening-season-scaled.png\"><img loading=\"lazy\" decoding=\"async\" class=\"alignnone size-full wp-image-2515\" src=\"https:\/\/tremblantnautique.com\/wp-content\/uploads\/2026\/03\/opening-season-scaled.png\" alt=\"\" width=\"2560\" height=\"200\" srcset=\"https:\/\/tremblantnautique.com\/wp-content\/uploads\/2026\/03\/opening-season-scaled.png 2560w, https:\/\/tremblantnautique.com\/wp-content\/uploads\/2026\/03\/opening-season-300x23.png 300w, https:\/\/tremblantnautique.com\/wp-content\/uploads\/2026\/03\/opening-season-1024x80.png 1024w, https:\/\/tremblantnautique.com\/wp-content\/uploads\/2026\/03\/opening-season-768x60.png 768w, https:\/\/tremblantnautique.com\/wp-content\/uploads\/2026\/03\/opening-season-1536x120.png 1536w, https:\/\/tremblantnautique.com\/wp-content\/uploads\/2026\/03\/opening-season-2048x160.png 2048w\" sizes=\"auto, (max-width: 2560px) 100vw, 2560px\" \/><\/a><br \/><\/div>\n<\/div><!-- .row (end) -->\n<div class=\"clear\"><\/div><!-- .clear (end) -->\n<div class=\"row \">\n<div class=\"span4\"><h4>Non-Motorized<\/h4>\n<p><img loading=\"lazy\" decoding=\"async\" class=\"wp-image-1053 size-full alignnone\" src=\"http:\/\/tremblantnautique.com\/wp-content\/uploads\/2018\/04\/non-motorise.jpg\" alt=\"\" width=\"360\" height=\"151\" srcset=\"https:\/\/tremblantnautique.com\/wp-content\/uploads\/2018\/04\/non-motorise.jpg 360w, https:\/\/tremblantnautique.com\/wp-content\/uploads\/2018\/04\/non-motorise-300x126.jpg 300w\" sizes=\"auto, (max-width: 360px) 100vw, 360px\" \/><\/p>\n<h3>One with nature !<\/h3>\n<p>Explore Lac Tremblant at your own pace, and discover this unique resort oasis...<\/p>\n<a href=\"\/en\/services\/pedal-boat-canoe-kayak\/\" title=\"MORE INFO\" class=\"btn btn-default btn-normal btn-inline \" target=\"_self\">MORE INFO<\/a><!-- .btn --><\/div>\n<div class=\"span4\"><h4>Motorized<\/h4>\n<p><img loading=\"lazy\" decoding=\"async\" class=\"wp-image-1055 size-full alignnone\" src=\"http:\/\/tremblantnautique.com\/wp-content\/uploads\/2018\/04\/motorise.jpg\" alt=\"\" width=\"360\" height=\"151\" srcset=\"https:\/\/tremblantnautique.com\/wp-content\/uploads\/2018\/04\/motorise.jpg 360w, https:\/\/tremblantnautique.com\/wp-content\/uploads\/2018\/04\/motorise-300x126.jpg 300w\" sizes=\"auto, (max-width: 360px) 100vw, 360px\" \/><\/p>\n<h3>Ship out and discover !<\/h3>\n<p>Discover Lac Tremblant aboard one of our rental motorboats...<\/p>\n<a href=\"\/en\/services\/motorboats-rental\/\" title=\"MORE INFO\" class=\"btn btn-default btn-normal btn-inline \" target=\"_self\">MORE INFO<\/a><!-- .btn -->\n<a href=\"https:\/\/tremblantnautique.com\/en\/availability-request-for-a-reservation#motorises\" title=\"Reservation\" class=\"btn btn-default btn-normal btn-inline \" target=\"_self\">Reservation<\/a><!-- .btn --><\/div>\n<div class=\"span4\"><h4>Sailing<\/h4>\n<p><img loading=\"lazy\" decoding=\"async\" class=\"alignnone wp-image-1131 size-full\" src=\"http:\/\/tremblantnautique.com\/wp-content\/uploads\/2018\/04\/voile-accueil.jpg\" alt=\"\" width=\"360\" height=\"151\" srcset=\"https:\/\/tremblantnautique.com\/wp-content\/uploads\/2018\/04\/voile-accueil.jpg 360w, https:\/\/tremblantnautique.com\/wp-content\/uploads\/2018\/04\/voile-accueil-300x126.jpg 300w\" sizes=\"auto, (max-width: 360px) 100vw, 360px\" \/><\/p>\n<h3>Master Lac Tremblant's winds !<\/h3>\n<p>Take on the winds with our catamaran fleet...<\/p>\n<a href=\"\/en\/services\/sailing\/\" title=\"MORE INFO\" class=\"btn btn-default btn-normal btn-inline \" target=\"_self\">MORE INFO<\/a><!-- .btn --><\/div>\n<\/div><!-- .row (end) -->\n<div class=\"clear\"><\/div><!-- .clear (end) -->\n<div class=\"hr\"><\/div><!-- .hr (end) -->\n<div class=\"span4\"><h4>ski \/wake \/wakesurf<\/h4>\n<p><img loading=\"lazy\" decoding=\"async\" class=\"alignnone wp-image-1165 size-full\" src=\"http:\/\/tremblantnautique.com\/wp-content\/uploads\/2018\/04\/ski-surf-accueil.jpg\" alt=\"\" width=\"360\" height=\"151\" srcset=\"https:\/\/tremblantnautique.com\/wp-content\/uploads\/2018\/04\/ski-surf-accueil.jpg 360w, https:\/\/tremblantnautique.com\/wp-content\/uploads\/2018\/04\/ski-surf-accueil-300x126.jpg 300w\" sizes=\"auto, (max-width: 360px) 100vw, 360px\" \/><\/p>\n<h3>Guaranteed Thrills !<\/h3>\n<p>Wakeboarding is probably the most popular activity for those seeking aquatic thrills...<\/p>\n<a href=\"\/en\/services\/waterskiing-wakeboard\/\" title=\"MORE INFO\" class=\"btn btn-default btn-normal btn-inline \" target=\"_self\">MORE INFO<\/a><!-- .btn -->\n<a href=\"https:\/\/tremblantnautique.com\/en\/availability-request-for-a-reservation#sports-nautiques\" title=\"Reservation\" class=\"btn btn-default btn-normal btn-inline \" target=\"_self\">Reservation<\/a><!-- .btn --><\/div> <div class=\"span4\"><h4>Day Camp<\/h4>\n<p><img loading=\"lazy\" decoding=\"async\" class=\"alignnone wp-image-61 size-full\" src=\"http:\/\/tremblantnautique.com\/wp-content\/uploads\/2016\/05\/tremablant-nautique-camp-de-jour-01.jpg\" alt=\"day camp\" width=\"360\" height=\"151\" \/><\/p>\n<h3>Maxi-Sport!<\/h3>\n<p>For youngsters aged from 7 to 12, the Day Camp of the Centre nautique Pierre Plouffe promises unforgettable holiday memories...<\/p>\n<a href=\"\/en\/services\/day-camp\/\" title=\"MORE INFO\" class=\"btn btn-default btn-normal btn-inline \" target=\"_self\">MORE INFO<\/a><!-- .btn -->\n<a href=\"https:\/\/tremblantnautique.com\/en\/day-camp-registration\/\" title=\"Reservation\" class=\"btn btn-default btn-normal btn-inline \" target=\"_self\">Reservation<\/a><!-- .btn --><\/div> <div class=\"span4\"><h4>Pierre Plouffe<\/h4>\n<p><img loading=\"lazy\" decoding=\"async\" class=\"alignnone wp-image-66 size-full\" src=\"http:\/\/tremblantnautique.com\/wp-content\/uploads\/2014\/08\/Pierre-Plouffe.jpg\" alt=\"Pierre Plouffe\" width=\"360\" height=\"151\" srcset=\"https:\/\/tremblantnautique.com\/wp-content\/uploads\/2014\/08\/Pierre-Plouffe.jpg 360w, https:\/\/tremblantnautique.com\/wp-content\/uploads\/2014\/08\/Pierre-Plouffe-300x125.jpg 300w\" sizes=\"auto, (max-width: 360px) 100vw, 360px\" \/><\/p>\n<h3>A champion at the steering wheel<\/h3>\n<p>With more than 40 years of experience, Pierre Plouffe invites you to come and share his knowledge of water sports...<\/p>\n<a href=\"\/en\/pierre-plouffe-center\/\" title=\"MORE INFO\" class=\"btn btn-default btn-normal btn-inline \" target=\"_self\">MORE INFO<\/a><!-- .btn --><\/div> <div class=\"clear\"><\/div><!-- .clear (end) --> <div class=\"hr\"><\/div><!-- .hr (end) -->\n<div class=\"yellow_box\">\n<div class=\"row \"><div class=\"span6\"><h2><span style=\"color: #ffffff;\">GUARANTEED FUN!<\/span><\/h2>\n<h1 style=\"font-size: 18px;\">At the\u00a0Centre Nautique Pierre Plouffe in Tremblant<\/h1>\n<p><img loading=\"lazy\" decoding=\"async\" class=\"wp-image-1061 size-full alignleft\" src=\"http:\/\/tremblantnautique.com\/wp-content\/uploads\/2018\/04\/vue-ensemble-1.jpg\" alt=\"\" width=\"166\" height=\"126\" \/>For fun in the summer sun with family and\/or friends, just add water. Whether you enjoy <a href=\"https:\/\/tremblantnautique.com\/en\/services\/waterskiing-wakeboard\/\">waterskiing <\/a>or <a href=\"https:\/\/tremblantnautique.com\/en\/services\/waterskiing-wakeboard\/\">wakeboarding<\/a>, kayaking, paddleboarding, <a href=\"https:\/\/tremblantnautique.com\/en\/services\/sailing\/\">sailing<\/a>, or the peace and quiet of a pedal-boat, <strong>Centre Nautique Pierre Plouffe<\/strong> offers a full range of affordable <strong>water sports<\/strong>.<\/p>\n<h3><span style=\"color: #ffffff;\">Ideal location<\/span><\/h3>\n<p><a href=\"https:\/\/tremblantnautique.com\/wp-content\/uploads\/2023\/05\/Pierre-Sylvie.jpg\"><img loading=\"lazy\" decoding=\"async\" class=\" wp-image-2150 alignleft\" src=\"https:\/\/tremblantnautique.com\/wp-content\/uploads\/2023\/05\/Pierre-Sylvie.jpg\" alt=\"\" width=\"177\" height=\"166\" srcset=\"https:\/\/tremblantnautique.com\/wp-content\/uploads\/2023\/05\/Pierre-Sylvie.jpg 747w, https:\/\/tremblantnautique.com\/wp-content\/uploads\/2023\/05\/Pierre-Sylvie-300x282.jpg 300w\" sizes=\"auto, (max-width: 177px) 100vw, 177px\" \/><\/a>Centre Nautique Pierre Plouffe is located at the Beach of <strong>Lac Tremblant<\/strong>'s crystalline water. 12 kilometres (7.5 miles) long, Lac Tremblant offers many challenges and memorable outings.\u00a0<\/div>\n<h2><\/h2>\n<h2>For our 2025 season...<\/h2>\n<div class=\"span6\"><p><a href=\"https:\/\/tremblantnautique.com\/wp-content\/uploads\/2025\/01\/opening-hours-20252.jpg\"><img loading=\"lazy\" decoding=\"async\" class=\"alignnone size-full wp-image-2347\" src=\"https:\/\/tremblantnautique.com\/wp-content\/uploads\/2025\/01\/opening-hours-20252.jpg\" alt=\"\" width=\"1800\" height=\"1800\" srcset=\"https:\/\/tremblantnautique.com\/wp-content\/uploads\/2025\/01\/opening-hours-20252.jpg 1800w, https:\/\/tremblantnautique.com\/wp-content\/uploads\/2025\/01\/opening-hours-20252-300x300.jpg 300w, https:\/\/tremblantnautique.com\/wp-content\/uploads\/2025\/01\/opening-hours-20252-1024x1024.jpg 1024w, https:\/\/tremblantnautique.com\/wp-content\/uploads\/2025\/01\/opening-hours-20252-150x150.jpg 150w, https:\/\/tremblantnautique.com\/wp-content\/uploads\/2025\/01\/opening-hours-20252-768x768.jpg 768w, https:\/\/tremblantnautique.com\/wp-content\/uploads\/2025\/01\/opening-hours-20252-1536x1536.jpg 1536w\" sizes=\"auto, (max-width: 1800px) 100vw, 1800px\" \/><\/a><br \/><\/div> <\/div><!-- .row (end) -->\n<\/div>\n<p style=\"text-align: left;\"><div class=\"clear\"><\/div><!-- .clear (end) -->\n<p style=\"text-align: center;\"><img loading=\"lazy\" decoding=\"async\" class=\"alignnone wp-image-121 size-full\" style=\"margin-right: 40px;\" title=\"Sport Marine\" src=\"http:\/\/tremblantnautique.com\/wp-content\/uploads\/2014\/08\/sport-marine.png\" alt=\"sport-marine\" width=\"233\" height=\"96\" \/><img loading=\"lazy\" decoding=\"async\" class=\"alignnone wp-image-119 size-full\" style=\"margin-right: 40px;\" title=\"Nautique\" src=\"http:\/\/tremblantnautique.com\/wp-content\/uploads\/2014\/08\/Nautique.png\" alt=\"Nautique\" width=\"308\" height=\"96\" srcset=\"https:\/\/tremblantnautique.com\/wp-content\/uploads\/2014\/08\/Nautique.png 308w, https:\/\/tremblantnautique.com\/wp-content\/uploads\/2014\/08\/Nautique-300x93.png 300w\" sizes=\"auto, (max-width: 308px) 100vw, 308px\" \/><img loading=\"lazy\" decoding=\"async\" class=\"alignnone wp-image-120 size-full\" style=\"margin-right: 40px;\" title=\"Princecraft\" src=\"http:\/\/tremblantnautique.com\/wp-content\/uploads\/2014\/08\/Princecraft.png\" alt=\"Princecraft\" width=\"186\" height=\"96\" \/><img loading=\"lazy\" decoding=\"async\" class=\"alignnone wp-image-118 size-full\" style=\"margin-right: 40px;\" title=\"Mercury Marine\" src=\"http:\/\/tremblantnautique.com\/wp-content\/uploads\/2014\/08\/Mercury.png\" alt=\"Mercury\" width=\"77\" height=\"96\" \/><img loading=\"lazy\" decoding=\"async\" class=\"alignnone wp-image-117 size-full\" title=\"Hobie\" src=\"http:\/\/tremblantnautique.com\/wp-content\/uploads\/2014\/08\/Hobie.png\" alt=\"Hobie\" width=\"174\" height=\"96\" \/><img loading=\"lazy\" decoding=\"async\" class=\"alignnone wp-image-1717 size-full\" src=\"https:\/\/tremblantnautique.com\/wp-content\/uploads\/2021\/05\/waterski-canada.jpg\" alt=\"\" width=\"276\" height=\"96\" \/><img loading=\"lazy\" decoding=\"async\" class=\"alignnone wp-image-345 size-full\" style=\"margin-right: 40px;\" title=\"Les quais de l'Estrie\" src=\"http:\/\/tremblantnautique.com\/wp-content\/uploads\/2014\/08\/estrie.png\" alt=\"Les quais de l'Estrie\" width=\"100\" height=\"96\" \/><img loading=\"lazy\" decoding=\"async\" class=\"wp-image-1058 size-full alignnone\" style=\"margin-right: 40px;\" title=\"Body Glove\" src=\"http:\/\/tremblantnautique.com\/wp-content\/uploads\/2018\/04\/body-glove.jpg\" alt=\"\" width=\"200\" height=\"96\" \/><img loading=\"lazy\" decoding=\"async\" class=\"alignnone wp-image-1630 size-full\" src=\"https:\/\/tremblantnautique.com\/wp-content\/uploads\/2021\/05\/radar-waterskis.png\" alt=\"\" width=\"186\" height=\"96\" \/> <img loading=\"lazy\" decoding=\"async\" class=\"alignnone wp-image-1628 size-full\" src=\"https:\/\/tremblantnautique.com\/wp-content\/uploads\/2021\/05\/ronix-wakeboards.png\" alt=\"\" width=\"186\" height=\"96\" \/><img loading=\"lazy\" decoding=\"async\" class=\"alignnone wp-image-1242 size-full\" src=\"http:\/\/tremblantnautique.com\/wp-content\/uploads\/2019\/05\/viori.jpg\" alt=\"\" width=\"111\" height=\"96\" \/><\/p>\n","protected":false},"excerpt":{"rendered":"","protected":false},"author":1,"featured_media":0,"parent":0,"menu_order":0,"comment_status":"closed","ping_status":"closed","template":"page-home.php","meta":{"footnotes":""},"class_list":["post-2458","page","type-page","status-publish","hentry"],"yoast_head":"<!-- This site is optimized with the Yoast SEO plugin v26.5 - https:\/\/yoast.com\/wordpress\/plugins\/seo\/ -->\n<title>Activit\u00e9s nautiques - Centre nautique Pierre Plouffe Tremblant<\/title>\n<meta name=\"description\" content=\"Que vous soyez tent\u00e9 par le ski nautique, ou une balade en p\u00e9dalo, toute la gamme des activit\u00e9s nautiques est offerte au Centre Nautique Pierre Plouffe.\" \/>\n<meta name=\"robots\" content=\"index, follow, max-snippet:-1, max-image-preview:large, max-video-preview:-1\" \/>\n<link rel=\"canonical\" href=\"https:\/\/tremblantnautique.com\/en\/\" \/>\n<meta property=\"og:locale\" content=\"en_US\" \/>\n<meta property=\"og:type\" content=\"article\" \/>\n<meta property=\"og:title\" content=\"Activit\u00e9s nautiques - Centre nautique Pierre Plouffe Tremblant\" \/>\n<meta property=\"og:description\" content=\"Que vous soyez tent\u00e9 par le ski nautique, ou une balade en p\u00e9dalo, toute la gamme des activit\u00e9s nautiques est offerte au Centre Nautique Pierre Plouffe.\" \/>\n<meta property=\"og:url\" content=\"https:\/\/tremblantnautique.com\/en\/\" \/>\n<meta property=\"og:site_name\" content=\"Tremblant Nautique\" \/>\n<meta property=\"article:modified_time\" content=\"2026-03-20T12:58:22+00:00\" \/>\n<meta property=\"og:image\" content=\"https:\/\/tremblantnautique.com\/wp-content\/uploads\/2026\/03\/summer2026-scaled.jpg\" \/>\n\t<meta property=\"og:image:width\" content=\"2560\" \/>\n\t<meta property=\"og:image:height\" content=\"1440\" \/>\n\t<meta property=\"og:image:type\" content=\"image\/jpeg\" \/>\n<meta name=\"twitter:card\" content=\"summary_large_image\" \/>\n<meta name=\"twitter:label1\" content=\"Est. reading time\" \/>\n\t<meta name=\"twitter:data1\" content=\"6 minutes\" \/>\n<script type=\"application\/ld+json\" class=\"yoast-schema-graph\">{\"@context\":\"https:\/\/schema.org\",\"@graph\":[{\"@type\":\"WebPage\",\"@id\":\"https:\/\/tremblantnautique.com\/en\/\",\"url\":\"https:\/\/tremblantnautique.com\/en\/\",\"name\":\"Activit\u00e9s nautiques - Centre nautique Pierre Plouffe Tremblant\",\"isPartOf\":{\"@id\":\"https:\/\/tremblantnautique.com\/#website\"},\"primaryImageOfPage\":{\"@id\":\"https:\/\/tremblantnautique.com\/en\/#primaryimage\"},\"image\":{\"@id\":\"https:\/\/tremblantnautique.com\/en\/#primaryimage\"},\"thumbnailUrl\":\"https:\/\/tremblantnautique.com\/wp-content\/uploads\/2026\/03\/summer2026-scaled.jpg\",\"datePublished\":\"2014-08-25T15:37:30+00:00\",\"dateModified\":\"2026-03-20T12:58:22+00:00\",\"description\":\"Que vous soyez tent\u00e9 par le ski nautique, ou une balade en p\u00e9dalo, toute la gamme des activit\u00e9s nautiques est offerte au Centre Nautique Pierre Plouffe.\",\"breadcrumb\":{\"@id\":\"https:\/\/tremblantnautique.com\/en\/#breadcrumb\"},\"inLanguage\":\"en-US\",\"potentialAction\":[{\"@type\":\"ReadAction\",\"target\":[\"https:\/\/tremblantnautique.com\/en\/\"]}]},{\"@type\":\"ImageObject\",\"inLanguage\":\"en-US\",\"@id\":\"https:\/\/tremblantnautique.com\/en\/#primaryimage\",\"url\":\"https:\/\/tremblantnautique.com\/wp-content\/uploads\/2026\/03\/summer2026-scaled.jpg\",\"contentUrl\":\"https:\/\/tremblantnautique.com\/wp-content\/uploads\/2026\/03\/summer2026-scaled.jpg\"},{\"@type\":\"BreadcrumbList\",\"@id\":\"https:\/\/tremblantnautique.com\/en\/#breadcrumb\",\"itemListElement\":[{\"@type\":\"ListItem\",\"position\":1,\"name\":\"Accueil\",\"item\":\"https:\/\/tremblantnautique.com\/en\/\"},{\"@type\":\"ListItem\",\"position\":2,\"name\":\"Home\"}]},{\"@type\":\"WebSite\",\"@id\":\"https:\/\/tremblantnautique.com\/#website\",\"url\":\"https:\/\/tremblantnautique.com\/\",\"name\":\"Tremblant Nautique\",\"description\":\"Centre Nautique Pierre Plouffe Tremblant\",\"potentialAction\":[{\"@type\":\"SearchAction\",\"target\":{\"@type\":\"EntryPoint\",\"urlTemplate\":\"https:\/\/tremblantnautique.com\/?s={search_term_string}\"},\"query-input\":{\"@type\":\"PropertyValueSpecification\",\"valueRequired\":true,\"valueName\":\"search_term_string\"}}],\"inLanguage\":\"en-US\"}]}<\/script>\n<!-- \/ Yoast SEO plugin. -->","yoast_head_json":{"title":"Activit\u00e9s nautiques - Centre nautique Pierre Plouffe Tremblant","description":"Que vous soyez tent\u00e9 par le ski nautique, ou une balade en p\u00e9dalo, toute la gamme des activit\u00e9s nautiques est offerte au Centre Nautique Pierre Plouffe.","robots":{"index":"index","follow":"follow","max-snippet":"max-snippet:-1","max-image-preview":"max-image-preview:large","max-video-preview":"max-video-preview:-1"},"canonical":"https:\/\/tremblantnautique.com\/en\/","og_locale":"en_US","og_type":"article","og_title":"Activit\u00e9s nautiques - Centre nautique Pierre Plouffe Tremblant","og_description":"Que vous soyez tent\u00e9 par le ski nautique, ou une balade en p\u00e9dalo, toute la gamme des activit\u00e9s nautiques est offerte au Centre Nautique Pierre Plouffe.","og_url":"https:\/\/tremblantnautique.com\/en\/","og_site_name":"Tremblant Nautique","article_modified_time":"2026-03-20T12:58:22+00:00","og_image":[{"width":2560,"height":1440,"url":"https:\/\/tremblantnautique.com\/wp-content\/uploads\/2026\/03\/summer2026-scaled.jpg","type":"image\/jpeg"}],"twitter_card":"summary_large_image","twitter_misc":{"Est. reading time":"6 minutes"},"schema":{"@context":"https:\/\/schema.org","@graph":[{"@type":"WebPage","@id":"https:\/\/tremblantnautique.com\/en\/","url":"https:\/\/tremblantnautique.com\/en\/","name":"Activit\u00e9s nautiques - Centre nautique Pierre Plouffe Tremblant","isPartOf":{"@id":"https:\/\/tremblantnautique.com\/#website"},"primaryImageOfPage":{"@id":"https:\/\/tremblantnautique.com\/en\/#primaryimage"},"image":{"@id":"https:\/\/tremblantnautique.com\/en\/#primaryimage"},"thumbnailUrl":"https:\/\/tremblantnautique.com\/wp-content\/uploads\/2026\/03\/summer2026-scaled.jpg","datePublished":"2014-08-25T15:37:30+00:00","dateModified":"2026-03-20T12:58:22+00:00","description":"Que vous soyez tent\u00e9 par le ski nautique, ou une balade en p\u00e9dalo, toute la gamme des activit\u00e9s nautiques est offerte au Centre Nautique Pierre Plouffe.","breadcrumb":{"@id":"https:\/\/tremblantnautique.com\/en\/#breadcrumb"},"inLanguage":"en-US","potentialAction":[{"@type":"ReadAction","target":["https:\/\/tremblantnautique.com\/en\/"]}]},{"@type":"ImageObject","inLanguage":"en-US","@id":"https:\/\/tremblantnautique.com\/en\/#primaryimage","url":"https:\/\/tremblantnautique.com\/wp-content\/uploads\/2026\/03\/summer2026-scaled.jpg","contentUrl":"https:\/\/tremblantnautique.com\/wp-content\/uploads\/2026\/03\/summer2026-scaled.jpg"},{"@type":"BreadcrumbList","@id":"https:\/\/tremblantnautique.com\/en\/#breadcrumb","itemListElement":[{"@type":"ListItem","position":1,"name":"Accueil","item":"https:\/\/tremblantnautique.com\/en\/"},{"@type":"ListItem","position":2,"name":"Home"}]},{"@type":"WebSite","@id":"https:\/\/tremblantnautique.com\/#website","url":"https:\/\/tremblantnautique.com\/","name":"Tremblant Nautique","description":"Centre Nautique Pierre Plouffe Tremblant","potentialAction":[{"@type":"SearchAction","target":{"@type":"EntryPoint","urlTemplate":"https:\/\/tremblantnautique.com\/?s={search_term_string}"},"query-input":{"@type":"PropertyValueSpecification","valueRequired":true,"valueName":"search_term_string"}}],"inLanguage":"en-US"}]}},"_links":{"self":[{"href":"https:\/\/tremblantnautique.com\/en\/wp-json\/wp\/v2\/pages\/2458\/"}],"collection":[{"href":"https:\/\/tremblantnautique.com\/en\/wp-json\/wp\/v2\/pages\/"}],"about":[{"href":"https:\/\/tremblantnautique.com\/en\/wp-json\/wp\/v2\/types\/page\/"}],"author":[{"embeddable":true,"href":"https:\/\/tremblantnautique.com\/en\/wp-json\/wp\/v2\/users\/1\/"}],"replies":[{"embeddable":true,"href":"https:\/\/tremblantnautique.com\/en\/wp-json\/wp\/v2\/comments\/?post=2458"}],"version-history":[{"count":2,"href":"https:\/\/tremblantnautique.com\/en\/wp-json\/wp\/v2\/pages\/2458\/revisions\/"}],"predecessor-version":[{"id":2517,"href":"https:\/\/tremblantnautique.com\/en\/wp-json\/wp\/v2\/pages\/2458\/revisions\/2517\/"}],"wp:attachment":[{"href":"https:\/\/tremblantnautique.com\/en\/wp-json\/wp\/v2\/media\/?parent=2458"}],"curies":[{"name":"wp","href":"https:\/\/api.w.org\/{rel}","templated":true}]}}